{"id":985,"date":"2021-03-03T02:25:52","date_gmt":"2021-03-03T02:25:52","guid":{"rendered":"https:\/\/sylvielacroix.at\/biography\/"},"modified":"2022-07-17T16:29:20","modified_gmt":"2022-07-17T16:29:20","slug":"biography","status":"publish","type":"page","link":"https:\/\/sylvielacroix.at\/en\/biography\/","title":{"rendered":"Biography"},"content":{"rendered":"\t\t<div data-elementor-type=\"wp-page\" data-elementor-id=\"985\" class=\"elementor elementor-985 elementor-394\">\n\t\t\t\t\t\t\t\t\t<section class=\"elementor-section elementor-top-section elementor-element elementor-element-5bc8b50f elementor-section-boxed elementor-section-height-default elementor-section-height-default\" data-id=\"5bc8b50f\" data-element_type=\"section\" id=\"bio\">\n\t\t\t\t\t\t<div class=\"elementor-container elementor-column-gap-no\">\n\t\t\t\t\t<div class=\"elementor-column elementor-col-100 elementor-top-column elementor-element elementor-element-651a203\" data-id=\"651a203\" data-element_type=\"column\">\n\t\t\t<div class=\"elementor-widget-wrap elementor-element-populated\">\n\t\t\t\t\t\t\t\t<section class=\"elementor-section elementor-inner-section elementor-element elementor-element-6f702b elementor-section-boxed elementor-section-height-default elementor-section-height-default\" data-id=\"6f702b\" data-element_type=\"section\">\n\t\t\t\t\t\t<div class=\"elementor-container elementor-column-gap-no\">\n\t\t\t\t\t<div class=\"elementor-column elementor-col-50 elementor-inner-column elementor-element elementor-element-69093d61\" data-id=\"69093d61\" data-element_type=\"column\">\n\t\t\t<div class=\"elementor-widget-wrap elementor-element-populated\">\n\t\t\t\t\t\t\t\t<div class=\"elementor-element elementor-element-40bed39 elementor-widget elementor-widget-heading\" data-id=\"40bed39\" data-element_type=\"widget\" data-widget_type=\"heading.default\">\n\t\t\t\t<div class=\"elementor-widget-container\">\n\t\t\t<style>\/*! elementor - v3.6.6 - 08-06-2022 *\/\n.elementor-heading-title{padding:0;margin:0;line-height:1}.elementor-widget-heading .elementor-heading-title[class*=elementor-size-]>a{color:inherit;font-size:inherit;line-height:inherit}.elementor-widget-heading .elementor-heading-title.elementor-size-small{font-size:15px}.elementor-widget-heading .elementor-heading-title.elementor-size-medium{font-size:19px}.elementor-widget-heading .elementor-heading-title.elementor-size-large{font-size:29px}.elementor-widget-heading .elementor-heading-title.elementor-size-xl{font-size:39px}.elementor-widget-heading .elementor-heading-title.elementor-size-xxl{font-size:59px}<\/style><h5 class=\"elementor-heading-title elementor-size-default\">Biography<\/h5>\t\t<\/div>\n\t\t\t\t<\/div>\n\t\t\t\t<div class=\"elementor-element elementor-element-83a859a elementor-widget elementor-widget-image\" data-id=\"83a859a\" data-element_type=\"widget\" data-widget_type=\"image.default\">\n\t\t\t\t<div class=\"elementor-widget-container\">\n\t\t\t<style>\/*! elementor - v3.6.6 - 08-06-2022 *\/\n.elementor-widget-image{text-align:center}.elementor-widget-image a{display:inline-block}.elementor-widget-image a img[src$=\".svg\"]{width:48px}.elementor-widget-image img{vertical-align:middle;display:inline-block}<\/style>\t\t\t\t\t\t\t\t\t\t\t\t<img width=\"885\" height=\"590\" src=\"https:\/\/sylvielacroix.at\/wp-content\/uploads\/2022\/07\/01-lacroix_70A5789-Kopie-2-1.jpg\" class=\"attachment-large size-large\" alt=\"\" loading=\"lazy\" srcset=\"https:\/\/sylvielacroix.at\/wp-content\/uploads\/2022\/07\/01-lacroix_70A5789-Kopie-2-1.jpg 885w, https:\/\/sylvielacroix.at\/wp-content\/uploads\/2022\/07\/01-lacroix_70A5789-Kopie-2-1-300x200.jpg 300w, https:\/\/sylvielacroix.at\/wp-content\/uploads\/2022\/07\/01-lacroix_70A5789-Kopie-2-1-768x512.jpg 768w\" sizes=\"(max-width: 885px) 100vw, 885px\" \/>\t\t\t\t\t\t\t\t\t\t\t\t\t\t\t<\/div>\n\t\t\t\t<\/div>\n\t\t\t\t\t<\/div>\n\t\t<\/div>\n\t\t\t\t<div class=\"elementor-column elementor-col-50 elementor-inner-column elementor-element elementor-element-550927cc\" data-id=\"550927cc\" data-element_type=\"column\">\n\t\t\t<div class=\"elementor-widget-wrap elementor-element-populated\">\n\t\t\t\t\t\t\t\t<div class=\"elementor-element elementor-element-3ac8e87 elementor-widget elementor-widget-text-editor\" data-id=\"3ac8e87\" data-element_type=\"widget\" data-widget_type=\"text-editor.default\">\n\t\t\t\t<div class=\"elementor-widget-container\">\n\t\t\t<style>\/*! elementor - v3.6.6 - 08-06-2022 *\/\n.elementor-widget-text-editor.elementor-drop-cap-view-stacked .elementor-drop-cap{background-color:#818a91;color:#fff}.elementor-widget-text-editor.elementor-drop-cap-view-framed .elementor-drop-cap{color:#818a91;border:3px solid;background-color:transparent}.elementor-widget-text-editor:not(.elementor-drop-cap-view-default) .elementor-drop-cap{margin-top:8px}.elementor-widget-text-editor:not(.elementor-drop-cap-view-default) .elementor-drop-cap-letter{width:1em;height:1em}.elementor-widget-text-editor .elementor-drop-cap{float:left;text-align:center;line-height:1;font-size:50px}.elementor-widget-text-editor .elementor-drop-cap-letter{display:inline-block}<\/style>\t\t\t\t<div class=\"block block-layout-builder block-field-blocknodepersonfield-person-firstname\"><div class=\"content\"><div class=\"field field--name-field-person-firstname field--type-string-long field--label-inline\"><h3 class=\"field__label\">Sylvie Lacroix<\/h3><\/div><\/div><\/div>\t\t\t\t\t\t<\/div>\n\t\t\t\t<\/div>\n\t\t\t\t<div class=\"elementor-element elementor-element-243853e elementor-widget elementor-widget-text-editor\" data-id=\"243853e\" data-element_type=\"widget\" data-widget_type=\"text-editor.default\">\n\t\t\t\t<div class=\"elementor-widget-container\">\n\t\t\t\t\t\t\t<div class=\"block block-layout-builder block-field-blocknodepersonfield-person-firstname\"><div class=\"content\"><div class=\"field field--name-field-person-firstname field--type-string-long field--label-inline\"><div class=\"field__label\"><p>Composer, performer, trainer, music educator<\/p><p>Genre: New Music<br \/>Instrument(s): Flute<\/p><p>Year of birth: 1959<br \/>Place of birth: Lyon<br \/>Country of birth: France<\/p><\/div><\/div><\/div><\/div>\t\t\t\t\t\t<\/div>\n\t\t\t\t<\/div>\n\t\t\t\t\t<\/div>\n\t\t<\/div>\n\t\t\t\t\t\t\t<\/div>\n\t\t<\/section>\n\t\t\t\t\t<\/div>\n\t\t<\/div>\n\t\t\t\t\t\t\t<\/div>\n\t\t<\/section>\n\t\t\t\t<section class=\"elementor-section elementor-top-section elementor-element elementor-element-d8d5da8 elementor-section-boxed elementor-section-height-default elementor-section-height-default\" data-id=\"d8d5da8\" data-element_type=\"section\">\n\t\t\t\t\t\t<div class=\"elementor-container elementor-column-gap-no\">\n\t\t\t\t\t<div class=\"elementor-column elementor-col-100 elementor-top-column elementor-element elementor-element-5d02d36\" data-id=\"5d02d36\" data-element_type=\"column\">\n\t\t\t<div class=\"elementor-widget-wrap elementor-element-populated\">\n\t\t\t\t\t\t\t\t<section class=\"elementor-section elementor-inner-section elementor-element elementor-element-5b53ec6 elementor-section-boxed elementor-section-height-default elementor-section-height-default\" data-id=\"5b53ec6\" data-element_type=\"section\">\n\t\t\t\t\t\t<div class=\"elementor-container elementor-column-gap-no\">\n\t\t\t\t\t<div class=\"elementor-column elementor-col-100 elementor-inner-column elementor-element elementor-element-aa70106\" data-id=\"aa70106\" data-element_type=\"column\">\n\t\t\t<div class=\"elementor-widget-wrap elementor-element-populated\">\n\t\t\t\t\t\t\t\t<div class=\"elementor-element elementor-element-a9fd274 elementor-widget elementor-widget-text-editor\" data-id=\"a9fd274\" data-element_type=\"widget\" data-widget_type=\"text-editor.default\">\n\t\t\t\t<div class=\"elementor-widget-container\">\n\t\t\t\t\t\t\tSylvie Lacroix was born in Lyon (France).\nFirst musical studies at the \u201cconservatoire national de r\u00e9gion de Lyon\u201d.  She continued her studies in Vienna (Austria) at the \u201cHochschule f\u00fcr Musik und darstellende Kunst\u201d. She began her career by playing baroque music with different ensembles and orchestras, among them consentus musicus (under Nikolaus Harnoncourt) she plays chamber music of the baroque with well known musicians like Rudolf Leopold and is member of his ensemble \u201cil concerto viennese\u201d. She played at the Salzburger Festspiele Mozarts Mitridate under Marc Minkovski and the French baroque orchestra \u201cles musicians du Louvre\u201d, at  the Vienna Festival 2009 with \u201censemble Matt\u00e4us\u201d and Jean Christophe Spinozi  She lived and worked many years in Vienna performing principally as a contemporary music soloist and chamber musician.  The focus of her work lies mainly in contemporary music; in this context, she regularly worked with composers, frequently giving premieres of their new works. (Chaya Czernowin-USA-, Bernhard Lang-Austria-, Wang Ming-Taiwan\/ Austria -, Klaus.K.H\u00fcbler-D-, Ivan Fedele-Italy-Simeon Pironkoff\u2026)  Sylvie Lacroix is a founding member of the Klangforum Wien and performed with this ensemble until 1997.  She has been member of Ensemble PHACE \/ contemporary music, 2000\/2019  and Trio Amos (Fl\u00f6te, Violoncello und Akkordeon) 2000\/2022 .  Because of her special interest for chinese culture and history she learned known a lot of Chinese artists in Europe -among them Wu Wei, Xu Fengxia, Chao-Ming Tung ,Ming Wang- and was often involved in intercultural projects. With Ming Wang, she founded the MUSIC.LAB which focus is on the music and musicians   today in Europe and China. Between 1990 and 2006, she was particularly involved in educational projects that were launched in cooperation with schools and music schools. In the course of this work, she founded the summer course Musikpalette: chamber music for children and youths, with a focus on contemporary music.  Until 2019 She was teaching the flute at the music schools of Vienna..  Several years ago, she began to work on compositions of her own, writing a number of chamber music works for several instrumental combinations, some with electronic.  2011 her \u201ecourante\u201c for harpsichord has been nominated for the Prix Annelie de Man in Amsterdam .  \n\nShe has been invited as a Soloist to festivals such as Wien modern, Darmst\u00e4dter Kurse, Donau Festival, Tage f\u00fcr neue Musik Z\u00fcrich, Bludenz Festival f\u00fcr zeitgem\u00e4\u00dfe Musik, Salihara Cultural Center Jakarta, Imago Dei Minoriten Krems and USA.\n\t\t\t\t\t\t<\/div>\n\t\t\t\t<\/div>\n\t\t\t\t\t<\/div>\n\t\t<\/div>\n\t\t\t\t\t\t\t<\/div>\n\t\t<\/section>\n\t\t\t\t\t<\/div>\n\t\t<\/div>\n\t\t\t\t\t\t\t<\/div>\n\t\t<\/section>\n\t\t\t\t<section class=\"elementor-section elementor-top-section elementor-element elementor-element-a2115c6 elementor-section-full_width elementor-section-content-middle elementor-hidden-desktop elementor-hidden-tablet elementor-hidden-mobile elementor-section-height-default elementor-section-height-default\" data-id=\"a2115c6\" data-element_type=\"section\">\n\t\t\t\t\t\t<div class=\"elementor-container elementor-column-gap-wide\">\n\t\t\t\t\t<div class=\"elementor-column elementor-col-20 elementor-top-column elementor-element elementor-element-cb926b8\" data-id=\"cb926b8\" data-element_type=\"column\">\n\t\t\t<div class=\"elementor-widget-wrap elementor-element-populated\">\n\t\t\t\t\t\t\t\t<div class=\"elementor-element elementor-element-523eef0 elementor-widget elementor-widget-image\" data-id=\"523eef0\" data-element_type=\"widget\" data-widget_type=\"image.default\">\n\t\t\t\t<div class=\"elementor-widget-container\">\n\t\t\t\t\t\t\t\t\t\t\t\t\t\t\t<img width=\"640\" height=\"426\" src=\"https:\/\/sylvielacroix.at\/wp-content\/uploads\/2021\/03\/theatre-artist-template-gallery-img-1.jpg\" class=\"attachment-full size-full\" alt=\"\" loading=\"lazy\" srcset=\"https:\/\/sylvielacroix.at\/wp-content\/uploads\/2021\/03\/theatre-artist-template-gallery-img-1.jpg 640w, https:\/\/sylvielacroix.at\/wp-content\/uploads\/2021\/03\/theatre-artist-template-gallery-img-1-300x200.jpg 300w\" sizes=\"(max-width: 640px) 100vw, 640px\" \/>\t\t\t\t\t\t\t\t\t\t\t\t\t\t\t<\/div>\n\t\t\t\t<\/div>\n\t\t\t\t\t<\/div>\n\t\t<\/div>\n\t\t\t\t<div class=\"elementor-column elementor-col-20 elementor-top-column elementor-element elementor-element-7ecdd38\" data-id=\"7ecdd38\" data-element_type=\"column\">\n\t\t\t<div class=\"elementor-widget-wrap elementor-element-populated\">\n\t\t\t\t\t\t\t\t<div class=\"elementor-element elementor-element-c3a56fb elementor-widget elementor-widget-image\" data-id=\"c3a56fb\" data-element_type=\"widget\" data-widget_type=\"image.default\">\n\t\t\t\t<div class=\"elementor-widget-container\">\n\t\t\t\t\t\t\t\t\t\t\t\t\t\t\t<img width=\"480\" height=\"720\" src=\"https:\/\/sylvielacroix.at\/wp-content\/uploads\/2021\/03\/theatre-artist-template-gallery-img-2.jpg\" class=\"attachment-full size-full\" alt=\"\" loading=\"lazy\" srcset=\"https:\/\/sylvielacroix.at\/wp-content\/uploads\/2021\/03\/theatre-artist-template-gallery-img-2.jpg 480w, https:\/\/sylvielacroix.at\/wp-content\/uploads\/2021\/03\/theatre-artist-template-gallery-img-2-200x300.jpg 200w\" sizes=\"(max-width: 480px) 100vw, 480px\" \/>\t\t\t\t\t\t\t\t\t\t\t\t\t\t\t<\/div>\n\t\t\t\t<\/div>\n\t\t\t\t\t<\/div>\n\t\t<\/div>\n\t\t\t\t<div class=\"elementor-column elementor-col-20 elementor-top-column elementor-element elementor-element-7a57aa3\" data-id=\"7a57aa3\" data-element_type=\"column\">\n\t\t\t<div class=\"elementor-widget-wrap elementor-element-populated\">\n\t\t\t\t\t\t\t\t<div class=\"elementor-element elementor-element-e34ff9e elementor-widget elementor-widget-image\" data-id=\"e34ff9e\" data-element_type=\"widget\" data-widget_type=\"image.default\">\n\t\t\t\t<div class=\"elementor-widget-container\">\n\t\t\t\t\t\t\t\t\t\t\t\t\t\t\t<img width=\"640\" height=\"426\" src=\"https:\/\/sylvielacroix.at\/wp-content\/uploads\/2021\/03\/theatre-artist-template-gallery-img-3.jpg\" class=\"attachment-full size-full\" alt=\"\" loading=\"lazy\" srcset=\"https:\/\/sylvielacroix.at\/wp-content\/uploads\/2021\/03\/theatre-artist-template-gallery-img-3.jpg 640w, https:\/\/sylvielacroix.at\/wp-content\/uploads\/2021\/03\/theatre-artist-template-gallery-img-3-300x200.jpg 300w\" sizes=\"(max-width: 640px) 100vw, 640px\" \/>\t\t\t\t\t\t\t\t\t\t\t\t\t\t\t<\/div>\n\t\t\t\t<\/div>\n\t\t\t\t\t<\/div>\n\t\t<\/div>\n\t\t\t\t<div class=\"elementor-column elementor-col-20 elementor-top-column elementor-element elementor-element-c71a635\" data-id=\"c71a635\" data-element_type=\"column\">\n\t\t\t<div class=\"elementor-widget-wrap elementor-element-populated\">\n\t\t\t\t\t\t\t\t<div class=\"elementor-element elementor-element-24e13a7 elementor-widget elementor-widget-image\" data-id=\"24e13a7\" data-element_type=\"widget\" data-widget_type=\"image.default\">\n\t\t\t\t<div class=\"elementor-widget-container\">\n\t\t\t\t\t\t\t\t\t\t\t\t\t\t\t<img width=\"480\" height=\"720\" src=\"https:\/\/sylvielacroix.at\/wp-content\/uploads\/2021\/03\/theatre-artist-template-gallery-img-4.jpg\" class=\"attachment-full size-full\" alt=\"\" loading=\"lazy\" srcset=\"https:\/\/sylvielacroix.at\/wp-content\/uploads\/2021\/03\/theatre-artist-template-gallery-img-4.jpg 480w, https:\/\/sylvielacroix.at\/wp-content\/uploads\/2021\/03\/theatre-artist-template-gallery-img-4-200x300.jpg 200w\" sizes=\"(max-width: 480px) 100vw, 480px\" \/>\t\t\t\t\t\t\t\t\t\t\t\t\t\t\t<\/div>\n\t\t\t\t<\/div>\n\t\t\t\t\t<\/div>\n\t\t<\/div>\n\t\t\t\t<div class=\"elementor-column elementor-col-20 elementor-top-column elementor-element elementor-element-a4a5c19\" data-id=\"a4a5c19\" data-element_type=\"column\">\n\t\t\t<div class=\"elementor-widget-wrap elementor-element-populated\">\n\t\t\t\t\t\t\t\t<div class=\"elementor-element elementor-element-1e84fb4 elementor-widget elementor-widget-image\" data-id=\"1e84fb4\" data-element_type=\"widget\" data-widget_type=\"image.default\">\n\t\t\t\t<div class=\"elementor-widget-container\">\n\t\t\t\t\t\t\t\t\t\t\t\t\t\t\t<img width=\"640\" height=\"426\" src=\"https:\/\/sylvielacroix.at\/wp-content\/uploads\/2021\/03\/theatre-artist-template-gallery-img-5.jpg\" class=\"attachment-full size-full\" alt=\"\" loading=\"lazy\" srcset=\"https:\/\/sylvielacroix.at\/wp-content\/uploads\/2021\/03\/theatre-artist-template-gallery-img-5.jpg 640w, https:\/\/sylvielacroix.at\/wp-content\/uploads\/2021\/03\/theatre-artist-template-gallery-img-5-300x200.jpg 300w\" sizes=\"(max-width: 640px) 100vw, 640px\" \/>\t\t\t\t\t\t\t\t\t\t\t\t\t\t\t<\/div>\n\t\t\t\t<\/div>\n\t\t\t\t\t<\/div>\n\t\t<\/div>\n\t\t\t\t\t\t\t<\/div>\n\t\t<\/section>\n\t\t\t\t<section class=\"elementor-section elementor-top-section elementor-element elementor-element-5aefad80 elementor-section-boxed elementor-section-height-default elementor-section-height-default\" data-id=\"5aefad80\" data-element_type=\"section\" data-settings=\"{&quot;background_background&quot;:&quot;classic&quot;}\">\n\t\t\t\t\t\t<div class=\"elementor-container elementor-column-gap-default\">\n\t\t\t\t\t<div class=\"elementor-column elementor-col-100 elementor-top-column elementor-element elementor-element-47022e3\" data-id=\"47022e3\" data-element_type=\"column\">\n\t\t\t<div class=\"elementor-widget-wrap elementor-element-populated\">\n\t\t\t\t\t\t\t\t<div class=\"elementor-element elementor-element-2f931a1c elementor-widget elementor-widget-image\" data-id=\"2f931a1c\" data-element_type=\"widget\" data-widget_type=\"image.default\">\n\t\t\t\t<div class=\"elementor-widget-container\">\n\t\t\t\t\t\t\t\t\t\t\t\t\t\t\t<img src=\"https:\/\/sylvielacroix.at\/wp-content\/uploads\/2022\/06\/treble-clef-is-drawn-by-a-single-black-one-line-isolated-on-a-white-background-one-line-drawing-continuous-line-minimalism-scribble-style-vector-1-scaled.jpeg\" title=\"treble-clef-is-drawn-by-a-single-black-one-line-isolated-on-a-white-background-one-line-drawing-continuous-line-minimalism-scribble-style-vector\" alt=\"treble-clef-is-drawn-by-a-single-black-one-line-isolated-on-a-white-background-one-line-drawing-continuous-line-minimalism-scribble-style-vector\" \/>\t\t\t\t\t\t\t\t\t\t\t\t\t\t\t<\/div>\n\t\t\t\t<\/div>\n\t\t\t\t\t<\/div>\n\t\t<\/div>\n\t\t\t\t\t\t\t<\/div>\n\t\t<\/section>\n\t\t\t\t\t\t\t<\/div>\n\t\t","protected":false},"excerpt":{"rendered":"<p>Biography Sylvie Lacroix Composer, performer, trainer, music educator Genre: New MusicInstrument(s): Flute Year of birth: 1959Place of birth: LyonCountry of birth: France Sylvie Lacroix was born in Lyon (France). First musical studies at the \u201cconservatoire national de r\u00e9gion de Lyon\u201d. She continued her studies in Vienna (Austria) at the \u201cHochschule f\u00fcr Musik und darstellende Kunst\u201d. [&hellip;]<\/p>\n","protected":false},"author":1,"featured_media":0,"parent":0,"menu_order":0,"comment_status":"closed","ping_status":"closed","template":"","meta":{"_monsterinsights_skip_tracking":false,"_monsterinsights_sitenote_active":false,"_monsterinsights_sitenote_note":"","_monsterinsights_sitenote_category":0,"site-sidebar-layout":"no-sidebar","site-content-layout":"page-builder","ast-site-content-layout":"","site-content-style":"default","site-sidebar-style":"default","ast-global-header-display":"","ast-banner-title-visibility":"","ast-main-header-display":"","ast-hfb-above-header-display":"","ast-hfb-below-header-display":"","ast-hfb-mobile-header-display":"","site-post-title":"disabled","ast-breadcrumbs-content":"disabled","ast-featured-img":"disabled","footer-sml-layout":"","theme-transparent-header-meta":"enabled","adv-header-id-meta":"","stick-header-meta":"","header-above-stick-meta":"","header-main-stick-meta":"","header-below-stick-meta":"","astra-migrate-meta-layouts":"default","ast-page-background-enabled":"default","ast-page-background-meta":{"desktop":{"background-color":"","background-image":"","background-repeat":"repeat","background-position":"center center","background-size":"auto","background-attachment":"scroll","background-type":"","background-media":"","overlay-type":"","overlay-color":"","overlay-opacity":"","overlay-gradient":""},"tablet":{"background-color":"","background-image":"","background-repeat":"repeat","background-position":"center center","background-size":"auto","background-attachment":"scroll","background-type":"","background-media":"","overlay-type":"","overlay-color":"","overlay-opacity":"","overlay-gradient":""},"mobile":{"background-color":"","background-image":"","background-repeat":"repeat","background-position":"center center","background-size":"auto","background-attachment":"scroll","background-type":"","background-media":"","overlay-type":"","overlay-color":"","overlay-opacity":"","overlay-gradient":""}},"ast-content-background-meta":{"desktop":{"background-color":"var(--ast-global-color-5)","background-image":"","background-repeat":"repeat","background-position":"center center","background-size":"auto","background-attachment":"scroll","background-type":"","background-media":"","overlay-type":"","overlay-color":"","overlay-opacity":"","overlay-gradient":""},"tablet":{"background-color":"var(--ast-global-color-5)","background-image":"","background-repeat":"repeat","background-position":"center center","background-size":"auto","background-attachment":"scroll","background-type":"","background-media":"","overlay-type":"","overlay-color":"","overlay-opacity":"","overlay-gradient":""},"mobile":{"background-color":"var(--ast-global-color-5)","background-image":"","background-repeat":"repeat","background-position":"center center","background-size":"auto","background-attachment":"scroll","background-type":"","background-media":"","overlay-type":"","overlay-color":"","overlay-opacity":"","overlay-gradient":""}}},"_links":{"self":[{"href":"https:\/\/sylvielacroix.at\/en\/wp-json\/wp\/v2\/pages\/985"}],"collection":[{"href":"https:\/\/sylvielacroix.at\/en\/wp-json\/wp\/v2\/pages"}],"about":[{"href":"https:\/\/sylvielacroix.at\/en\/wp-json\/wp\/v2\/types\/page"}],"author":[{"embeddable":true,"href":"https:\/\/sylvielacroix.at\/en\/wp-json\/wp\/v2\/users\/1"}],"replies":[{"embeddable":true,"href":"https:\/\/sylvielacroix.at\/en\/wp-json\/wp\/v2\/comments?post=985"}],"version-history":[{"count":7,"href":"https:\/\/sylvielacroix.at\/en\/wp-json\/wp\/v2\/pages\/985\/revisions"}],"predecessor-version":[{"id":1323,"href":"https:\/\/sylvielacroix.at\/en\/wp-json\/wp\/v2\/pages\/985\/revisions\/1323"}],"wp:attachment":[{"href":"https:\/\/sylvielacroix.at\/en\/wp-json\/wp\/v2\/media?parent=985"}],"curies":[{"name":"wp","href":"https:\/\/api.w.org\/{rel}","templated":true}]}}